{"id":149,"date":"2013-03-03T17:25:43","date_gmt":"2013-03-03T16:25:43","guid":{"rendered":"http:\/\/jf-landkreis-vulkaneifel.de\/?page_id=149"},"modified":"2015-01-24T18:54:55","modified_gmt":"2015-01-24T16:54:55","slug":"jugendfeuerwehr-gillenfeld-stand-31-12-2010","status":"publish","type":"page","link":"https:\/\/jf-landkreis-vulkaneifel.de\/?page_id=149","title":{"rendered":"Jugendfeuerwehr Gillenfeld"},"content":{"rendered":"<p>Die Jugendfeuerwehr Gillenfeld wurde am 24.04.1982gegr\u00fcndet.<\/p>\n<p>Wir treffen uns <strong>14-t\u00e4gig Freitags <\/strong>um<strong> 18:00 Uhr <\/strong>oder<strong> Samstags<\/strong> um<strong> 14:00 Uhr<\/strong> am <strong>Feuerwehrger\u00e4tehaus <\/strong>in <strong>Gillenfeld<\/strong> zur gemeinsamen Gruppenstunde.<\/p>\n<p>Neben der Besch\u00e4ftigung mit feuerwehrtechnischen Themen werden auch regelm\u00e4\u00dfig verschiedene Freizeitaktivit\u00e4ten wie Grillabend, Nachtwanderung, Umwelttag oder Aktivit\u00e4ten im Dorf unternommen.<\/p>\n<div id=\"attachment_457\" style=\"width: 510px\" class=\"wp-caption alignnone\"><a href=\"https:\/\/jf-landkreis-vulkaneifel.de\/wp-content\/uploads\/2013\/03\/bild_gillenfeld_gr.jpg\"><img loading=\"lazy\" decoding=\"async\" aria-describedby=\"caption-attachment-457\" class=\"size-full wp-image-457\" src=\"https:\/\/jf-landkreis-vulkaneifel.de\/wp-content\/uploads\/2013\/03\/bild_gillenfeld_gr.jpg\" alt=\"Gruppenfoto Jugendfeuerwehr Gillenfeld\" width=\"500\" height=\"375\" \/><\/a><p id=\"caption-attachment-457\" class=\"wp-caption-text\">Gruppenfoto Jugendfeuerwehr Gillenfeld<\/p><\/div>\n<p><b>Kontakt<\/b><\/p>\n<p>Jugendfeuerwehrwart<br \/>\nChristian Roden<br \/>\n[Strasse]<br \/>\n54558 Gillenfeld<br \/>\nTelefon: 065 73 \/ [Nr.]<br \/>\nEmail: jf-gillenfeld(at)jf-lk-vulkaneifel(dot)de<br \/>\nInternetseite: <a href=\"http:\/\/www.feuerwehr-gillenfeld.de\" target=\"_blank\">www(dot)feuerwehr-gillenfeld(dot)de<\/a><\/p>\n","protected":false},"excerpt":{"rendered":"<p>Die Jugendfeuerwehr Gillenfeld wurde am 24.04.1982gegr\u00fcndet. Wir treffen uns 14-t\u00e4gig Freitags um 18:00 Uhr oder Samstags um 14:00 Uhr am Feuerwehrger\u00e4tehaus in Gillenfeld zur gemeinsamen Gruppenstunde. Neben der Besch\u00e4ftigung mit feuerwehrtechnischen Themen werden auch regelm\u00e4\u00dfig verschiedene Freizeitaktivit\u00e4ten wie Grillabend, Nachtwanderung, Umwelttag oder Aktivit\u00e4ten im Dorf unternommen. Kontakt Jugendfeuerwehrwart Christian Roden [Strasse] 54558 Gillenfeld Telefon: 065 [&hellip;]<\/p>\n","protected":false},"author":1,"featured_media":0,"parent":49,"menu_order":0,"comment_status":"closed","ping_status":"open","template":"","meta":{"footnotes":""},"class_list":["post-149","page","type-page","status-publish","hentry"],"_links":{"self":[{"href":"https:\/\/jf-landkreis-vulkaneifel.de\/index.php?rest_route=\/wp\/v2\/pages\/149","targetHints":{"allow":["GET"]}}],"collection":[{"href":"https:\/\/jf-landkreis-vulkaneifel.de\/index.php?rest_route=\/wp\/v2\/pages"}],"about":[{"href":"https:\/\/jf-landkreis-vulkaneifel.de\/index.php?rest_route=\/wp\/v2\/types\/page"}],"author":[{"embeddable":true,"href":"https:\/\/jf-landkreis-vulkaneifel.de\/index.php?rest_route=\/wp\/v2\/users\/1"}],"replies":[{"embeddable":true,"href":"https:\/\/jf-landkreis-vulkaneifel.de\/index.php?rest_route=%2Fwp%2Fv2%2Fcomments&post=149"}],"version-history":[{"count":11,"href":"https:\/\/jf-landkreis-vulkaneifel.de\/index.php?rest_route=\/wp\/v2\/pages\/149\/revisions"}],"predecessor-version":[{"id":797,"href":"https:\/\/jf-landkreis-vulkaneifel.de\/index.php?rest_route=\/wp\/v2\/pages\/149\/revisions\/797"}],"up":[{"embeddable":true,"href":"https:\/\/jf-landkreis-vulkaneifel.de\/index.php?rest_route=\/wp\/v2\/pages\/49"}],"wp:attachment":[{"href":"https:\/\/jf-landkreis-vulkaneifel.de\/index.php?rest_route=%2Fwp%2Fv2%2Fmedia&parent=149"}],"curies":[{"name":"wp","href":"https:\/\/api.w.org\/{rel}","templated":true}]}}